{"id":465,"date":"2024-06-26T12:44:15","date_gmt":"2024-06-26T15:44:15","guid":{"rendered":"https:\/\/systemica.digital\/?page_id=465"},"modified":"2025-03-10T18:02:56","modified_gmt":"2025-03-10T21:02:56","slug":"ouvidoria","status":"publish","type":"page","link":"https:\/\/systemica.digital\/en\/ouvidoria\/","title":{"rendered":"Ombudsman"},"content":{"rendered":"\t\t<div data-elementor-type=\"wp-page\" data-elementor-id=\"465\" class=\"elementor elementor-465\" data-elementor-post-type=\"page\">\n\t\t\t\t<section class=\"elementor-element elementor-element-14b6cc0 e-con-full e-flex e-con e-parent\" data-id=\"14b6cc0\" data-element_type=\"container\" data-e-type=\"container\" data-settings=\"{&quot;background_background&quot;:&quot;classic&quot;}\">\n\t\t<div class=\"elementor-element elementor-element-f5636f4 e-con-full clipped-element-banner e-flex e-con e-child\" data-id=\"f5636f4\" data-element_type=\"container\" data-e-type=\"container\">\n\t\t<div class=\"elementor-element elementor-element-f272942 e-flex e-con-boxed e-con e-child\" data-id=\"f272942\" data-element_type=\"container\" data-e-type=\"container\">\n\t\t\t\t\t<div class=\"e-con-inner\">\n\t\t<div class=\"elementor-element elementor-element-7aae20f e-con-full e-flex e-con e-child\" data-id=\"7aae20f\" data-element_type=\"container\" data-e-type=\"container\">\n\t\t\t\t<div class=\"elementor-element elementor-element-8554401 elementor-widget__width-initial elementor-invisible elementor-widget elementor-widget-heading\" data-id=\"8554401\" data-element_type=\"widget\" data-e-type=\"widget\" data-settings=\"{&quot;_animation&quot;:&quot;fadeInUp&quot;}\" data-widget_type=\"heading.default\">\n\t\t\t\t<div class=\"elementor-widget-container\">\n\t\t\t\t\t<h1 class=\"elementor-heading-title elementor-size-default\">Unindo pessoas, neg\u00f3cios, ci\u00eancia e natureza<\/h1>\t\t\t\t<\/div>\n\t\t\t\t<\/div>\n\t\t\t\t<\/div>\n\t\t<div class=\"elementor-element elementor-element-af6ab0a e-con-full e-flex e-con e-child\" data-id=\"af6ab0a\" data-element_type=\"container\" data-e-type=\"container\">\n\t\t\t\t<div class=\"elementor-element elementor-element-a1190f1 elementor-invisible elementor-widget elementor-widget-heading\" data-id=\"a1190f1\" data-element_type=\"widget\" data-e-type=\"widget\" data-settings=\"{&quot;_animation&quot;:&quot;fadeInUp&quot;}\" data-widget_type=\"heading.default\">\n\t\t\t\t<div class=\"elementor-widget-container\">\n\t\t\t\t\t<p class=\"elementor-heading-title elementor-size-default\">Uma simbiose com foco no benef\u00edcio m\u00fatuo para o meio ambiente, comunidades e empresas.<\/p>\t\t\t\t<\/div>\n\t\t\t\t<\/div>\n\t\t\t\t<\/div>\n\t\t\t\t\t<\/div>\n\t\t\t\t<\/div>\n\t\t\t\t<\/div>\n\t\t<div class=\"elementor-element elementor-element-f01f35f e-con-full e-flex e-con e-child\" data-id=\"f01f35f\" data-element_type=\"container\" data-e-type=\"container\">\n\t\t\t\t<\/div>\n\t\t\t\t<\/section>\n\t\t<div class=\"elementor-element elementor-element-767f864 e-flex e-con-boxed e-con e-parent\" data-id=\"767f864\" data-element_type=\"container\" data-e-type=\"container\">\n\t\t\t\t\t<div class=\"e-con-inner\">\n\t\t\t\t<div class=\"elementor-element elementor-element-05bdfff elementor-widget elementor-widget-heading\" data-id=\"05bdfff\" data-element_type=\"widget\" data-e-type=\"widget\" data-widget_type=\"heading.default\">\n\t\t\t\t<div class=\"elementor-widget-container\">\n\t\t\t\t\t<h1 class=\"elementor-heading-title elementor-size-default\">Ouvidoria\u200b<\/h1>\t\t\t\t<\/div>\n\t\t\t\t<\/div>\n\t\t\t\t<div class=\"elementor-element elementor-element-5bdb034 elementor-invisible elementor-widget elementor-widget-text-editor\" data-id=\"5bdb034\" data-element_type=\"widget\" data-e-type=\"widget\" data-settings=\"{&quot;_animation&quot;:&quot;fadeIn&quot;}\" data-widget_type=\"text-editor.default\">\n\t\t\t\t<div class=\"elementor-widget-container\">\n\t\t\t\t\t\t\t\t\t<p>Precisa denunciar alguma atitude que n\u00e3o esteja de acordo com os valores e C\u00f3digo de \u00c9tica da Systemica?<\/p><p>Entre em contato conosco por meio do endere\u00e7o de e-mail <a href=\"mailto:compliance@systemica.digital\">compliance@systemica.digital.<\/a><\/p><p>Todas as manifesta\u00e7\u00f5es ser\u00e3o tratadas internamente nos termos da Lei Geral de Prote\u00e7\u00e3o de Dados.<\/p><p><b>Conte com a Systemica!<\/b><\/p>\t\t\t\t\t\t\t\t<\/div>\n\t\t\t\t<\/div>\n\t\t<div class=\"elementor-element elementor-element-7fcf437 e-con-full elementor-hidden-desktop elementor-hidden-tablet elementor-hidden-mobile e-flex e-con e-child\" data-id=\"7fcf437\" data-element_type=\"container\" data-e-type=\"container\">\n\t\t\t\t<div class=\"elementor-element elementor-element-4d88048 elementor-button-align-start elementor-widget elementor-widget-form\" data-id=\"4d88048\" data-element_type=\"widget\" data-e-type=\"widget\" data-settings=\"{&quot;step_next_label&quot;:&quot;Next&quot;,&quot;step_previous_label&quot;:&quot;Previous&quot;,&quot;button_width&quot;:&quot;100&quot;,&quot;step_type&quot;:&quot;number_text&quot;,&quot;step_icon_shape&quot;:&quot;circle&quot;}\" data-widget_type=\"form.default\">\n\t\t\t\t<div class=\"elementor-widget-container\">\n\t\t\t\t\t\t\t<form class=\"elementor-form\" method=\"post\" name=\"form-ouvidoria\" aria-label=\"form-ouvidoria\">\n\t\t\t<input type=\"hidden\" name=\"post_id\" value=\"465\"\/>\n\t\t\t<input type=\"hidden\" name=\"form_id\" value=\"4d88048\"\/>\n\t\t\t<input type=\"hidden\" name=\"referer_title\" value=\"Ouvidoria - Systemica\" \/>\n\n\t\t\t\t\t\t\t<input type=\"hidden\" name=\"queried_id\" value=\"465\"\/>\n\t\t\t\n\t\t\t<div class=\"elementor-form-fields-wrapper elementor-labels-above\">\n\t\t\t\t\t\t\t\t<div class=\"elementor-field-type-text elementor-field-group elementor-column elementor-field-group-name elementor-col-33 elementor-field-required\">\n\t\t\t\t\t\t\t\t\t\t\t\t<label for=\"form-field-name\" class=\"elementor-field-label\">\n\t\t\t\t\t\t\t\tNome\t\t\t\t\t\t\t<\/label>\n\t\t\t\t\t\t\t\t\t\t\t\t\t\t<input size=\"1\" type=\"text\" name=\"form_fields[name]\" id=\"form-field-name\" class=\"elementor-field elementor-size-sm  elementor-field-textual\" placeholder=\"Nome\" required=\"required\">\n\t\t\t\t\t\t\t\t\t\t\t<\/div>\n\t\t\t\t\t\t\t\t<div class=\"elementor-field-type-email elementor-field-group elementor-column elementor-field-group-email elementor-col-33 elementor-field-required\">\n\t\t\t\t\t\t\t\t\t\t\t\t<label for=\"form-field-email\" class=\"elementor-field-label\">\n\t\t\t\t\t\t\t\tE-mail\t\t\t\t\t\t\t<\/label>\n\t\t\t\t\t\t\t\t\t\t\t\t\t\t<input size=\"1\" type=\"email\" name=\"form_fields[email]\" id=\"form-field-email\" class=\"elementor-field elementor-size-sm  elementor-field-textual\" placeholder=\"E-mail\" required=\"required\">\n\t\t\t\t\t\t\t\t\t\t\t<\/div>\n\t\t\t\t\t\t\t\t<div class=\"elementor-field-type-text elementor-field-group elementor-column elementor-field-group-field_9e83440 elementor-col-33 elementor-field-required\">\n\t\t\t\t\t\t\t\t\t\t\t\t<label for=\"form-field-field_9e83440\" class=\"elementor-field-label\">\n\t\t\t\t\t\t\t\tAssunto\t\t\t\t\t\t\t<\/label>\n\t\t\t\t\t\t\t\t\t\t\t\t\t\t<input size=\"1\" type=\"text\" name=\"form_fields[field_9e83440]\" id=\"form-field-field_9e83440\" class=\"elementor-field elementor-size-sm  elementor-field-textual\" placeholder=\"Assunto\" required=\"required\">\n\t\t\t\t\t\t\t\t\t\t\t<\/div>\n\t\t\t\t\t\t\t\t<div class=\"elementor-field-type-textarea elementor-field-group elementor-column elementor-field-group-message elementor-col-100\">\n\t\t\t\t\t\t\t\t\t\t\t\t<label for=\"form-field-message\" class=\"elementor-field-label\">\n\t\t\t\t\t\t\t\tMensagem\t\t\t\t\t\t\t<\/label>\n\t\t\t\t\t\t<textarea class=\"elementor-field-textual elementor-field  elementor-size-sm\" name=\"form_fields[message]\" id=\"form-field-message\" rows=\"4\" placeholder=\"Mensagem\"><\/textarea>\t\t\t\t<\/div>\n\t\t\t\t\t\t\t\t<div class=\"elementor-field-group elementor-column elementor-field-type-submit elementor-col-100 e-form__buttons\">\n\t\t\t\t\t<button class=\"elementor-button elementor-size-sm\" type=\"submit\">\n\t\t\t\t\t\t<span class=\"elementor-button-content-wrapper\">\n\t\t\t\t\t\t\t\t\t\t\t\t\t\t\t<span class=\"elementor-button-icon\">\n\t\t\t\t\t\t\t\t\t<svg xmlns=\"http:\/\/www.w3.org\/2000\/svg\" id=\"Camada_2\" data-name=\"Camada 2\" viewBox=\"0 0 15.42 15.62\"><defs><style>      .cls-1 {        fill: none;        stroke: #f5961b;        stroke-linecap: round;        stroke-linejoin: round;        stroke-width: 1.2px;      }    <\/style><\/defs><g id=\"Layer_1\" data-name=\"Layer 1\"><g><path class=\"cls-1\" d=\"M8.45.6l6.14,5.52c.46.43.17,1.21-.45,1.21H.6\"><\/path><path class=\"cls-1\" d=\"M8.45,15.02l5.2-4.58\"><\/path><\/g><\/g><\/svg>\t\t\t\t\t\t\t\t\t\t\t\t\t\t\t\t\t<\/span>\n\t\t\t\t\t\t\t\t\t\t\t\t\t\t\t\t\t\t\t\t\t\t<span class=\"elementor-button-text\">Enviar<\/span>\n\t\t\t\t\t\t\t\t\t\t\t\t\t<\/span>\n\t\t\t\t\t<\/button>\n\t\t\t\t<\/div>\n\t\t\t<\/div>\n\t\t<\/form>\n\t\t\t\t\t\t<\/div>\n\t\t\t\t<\/div>\n\t\t\t\t<\/div>\n\t\t\t\t<div class=\"elementor-element elementor-element-8532f6b elementor-widget elementor-widget-html\" data-id=\"8532f6b\" data-element_type=\"widget\" data-e-type=\"widget\" data-widget_type=\"html.default\">\n\t\t\t\t<div class=\"elementor-widget-container\">\n\t\t\t\t\t<svg xmlns=\"http:\/\/www.w3.org\/2000\/svg\" style=\"position: absolute; width: 0; height: 0;\">\n  <defs>\n    <clipPath id=\"clip-path-dsdgsadqwqfga\">\n      <path d=\"M124.93,24.56l.31-.31a13.91,13.91,0,0,0,0-19.74h0c-5.46-5.42-14.43-5.12-19.91.35l-6,6h0a5.41,5.41,0,0,1-3.75,1.6h0a5.47,5.47,0,0,1-3.75-1.6l-6-6h0A14.58,14.58,0,0,0,75.34.62H14.14A13.44,13.44,0,0,0,4.71,4.51h0a13.91,13.91,0,0,0,0,19.74h0a13.55,13.55,0,0,0,9.45,3.9H75.35A14.46,14.46,0,0,0,85.79,23.9l6-6h0a5.42,5.42,0,0,1,3.75-1.6h0a5.46,5.46,0,0,1,3.75,1.59l6,6A14.2,14.2,0,0,0,124.93,24.56Z\"\/>\n    <\/clipPath>\n  <\/defs>\n  <path d=\"M124.93,24.56l.31-.31a13.91,13.91,0,0,0,0-19.74h0c-5.46-5.42-14.43-5.12-19.91.35l-6,6h0a5.41,5.41,0,0,1-3.75,1.6h0a5.47,5.47,0,0,1-3.75-1.6l-6-6h0A14.58,14.58,0,0,0,75.34.62H14.14A13.44,13.44,0,0,0,4.71,4.51h0a13.91,13.91,0,0,0,0,19.74h0a13.55,13.55,0,0,0,9.45,3.9H75.35A14.46,14.46,0,0,0,85.79,23.9l6-6h0a5.42,5.42,0,0,1,3.75-1.6h0a5.46,5.46,0,0,1,3.75,1.59l6,6A14.2,14.2,0,0,0,124.93,24.56Z\" clip-path=\"url(#clip-path-dsdgsadqwqfga)\" \/>\n<\/svg>\n\t\t\t\t<\/div>\n\t\t\t\t<\/div>\n\t\t\t\t<div class=\"elementor-element elementor-element-1bb6146 elementor-invisible elementor-widget elementor-widget-corvus-button-widget\" data-id=\"1bb6146\" data-element_type=\"widget\" data-e-type=\"widget\" data-settings=\"{&quot;_animation&quot;:&quot;fadeInUp&quot;}\" data-widget_type=\"corvus-button-widget.default\">\n\t\t\t\t<div class=\"elementor-widget-container\">\n\t\t\t\t\t\t\t\n\t\t<a href=\"https:\/\/systemica.digital\/wp-content\/uploads\/2024\/07\/CODIGO-DE-ETICA-E-DE-CONDUTA-DA-SYSTEMICA-LTDA-.pdf\" target=\"_blank\" rel=\"nofollow\" class=\"clip-path-container\">\n\t\t\t\t\t\t\t<span class=\"icon icon--left\">\n\t\t\t\t\t<svg xmlns=\"http:\/\/www.w3.org\/2000\/svg\" id=\"Camada_2\" data-name=\"Camada 2\" viewBox=\"0 0 15.42 15.62\"><defs><style>      .cls-1 {        fill: none;        stroke: #f5961b;        stroke-linecap: round;        stroke-linejoin: round;        stroke-width: 1.2px;      }    <\/style><\/defs><g id=\"Layer_1\" data-name=\"Layer 1\"><g><path class=\"cls-1\" d=\"M8.45.6l6.14,5.52c.46.43.17,1.21-.45,1.21H.6\"><\/path><path class=\"cls-1\" d=\"M8.45,15.02l5.2-4.58\"><\/path><\/g><\/g><\/svg><\/span>\n\t\t\t\t\t\t<span class=\"text\">c\u00f3digo de \u00e9tica<\/span>\n\t\t\t\n\t\t\t<svg>\n\t\t\t\t<defs>\n\t\t\t\t\t<clipPath id=\"clip-path-69ee756a20a03\">\n\t\t\t\t\t\t<path d=\"M7.4,38.5c8.7,8.6,22.9,8.1,31.6-0.5l9.2-9.2c1.4-1.4,3.2-2.1,5.1-2.2c1.8,0,3.7,0.7,5.1,2.2l9.2,9.2\n\tc4.5,4.5,10.6,6.8,16.6,6.7h178.5c5.5-0.1,10.9-2.1,15-6.2c8.7-8.6,8.7-22.7,0-31.4c-4.2-4.1-9.6-6.1-15-6.2H84.1\n\tc-6-0.1-12,2.2-16.6,6.7l-9.2,9.2c-1.4,1.4-3.2,2.1-5.1,2.2c-1.8,0-3.7-0.7-5.1-2.2L39,7.6C30.4-1,16.1-1.5,7.4,7.1\n\tC-1.3,15.7-1.3,29.8,7.4,38.5z\" \/>\n\t\t\t\t\t<\/clipPath>\n\t\t\t\t<\/defs>\n\t\t\t\t<path d=\"M7.4,38.5c8.7,8.6,22.9,8.1,31.6-0.5l9.2-9.2c1.4-1.4,3.2-2.1,5.1-2.2c1.8,0,3.7,0.7,5.1,2.2l9.2,9.2\n\tc4.5,4.5,10.6,6.8,16.6,6.7h178.5c5.5-0.1,10.9-2.1,15-6.2c8.7-8.6,8.7-22.7,0-31.4c-4.2-4.1-9.6-6.1-15-6.2H84.1\n\tc-6-0.1-12,2.2-16.6,6.7l-9.2,9.2c-1.4,1.4-3.2,2.1-5.1,2.2c-1.8,0-3.7-0.7-5.1-2.2L39,7.6C30.4-1,16.1-1.5,7.4,7.1\n\tC-1.3,15.7-1.3,29.8,7.4,38.5z\" clip-path=\"url(#clip-path-69ee756a20a03)\" \/>\n\t\t\t<\/svg>\n\t\t<\/a>\n\t\t\t\t\t\t<\/div>\n\t\t\t\t<\/div>\n\t\t\t\t\t<\/div>\n\t\t\t\t<\/div>\n\t\t\t\t<\/div>\n\t\t","protected":false},"excerpt":{"rendered":"<p>Unindo pessoas, neg\u00f3cios, ci\u00eancia e natureza Uma simbiose com foco no benef\u00edcio m\u00fatuo para o meio ambiente, comunidades e empresas. Ouvidoria\u200b Precisa denunciar alguma atitude que n\u00e3o esteja de acordo com os valores e C\u00f3digo de \u00c9tica da Systemica? Entre em contato conosco por meio do endere\u00e7o de e-mail compliance@systemica.digital. Todas as manifesta\u00e7\u00f5es ser\u00e3o tratadas [&hellip;]<\/p>\n","protected":false},"author":1,"featured_media":0,"parent":0,"menu_order":0,"comment_status":"closed","ping_status":"closed","template":"elementor_header_footer","meta":{"_acf_changed":false,"footnotes":""},"class_list":["post-465","page","type-page","status-publish","hentry"],"acf":[],"yoast_head":"<!-- This site is optimized with the Yoast SEO plugin v27.3 - https:\/\/yoast.com\/product\/yoast-seo-wordpress\/ -->\n<title>Ouvidoria - Systemica<\/title>\n<meta name=\"robots\" content=\"index, follow, max-snippet:-1, max-image-preview:large, max-video-preview:-1\" \/>\n<link rel=\"canonical\" href=\"https:\/\/systemica.digital\/en\/ouvidoria\/\" \/>\n<meta property=\"og:locale\" content=\"en_US\" \/>\n<meta property=\"og:type\" content=\"article\" \/>\n<meta property=\"og:title\" content=\"Ouvidoria - Systemica\" \/>\n<meta property=\"og:description\" content=\"Unindo pessoas, neg\u00f3cios, ci\u00eancia e natureza Uma simbiose com foco no benef\u00edcio m\u00fatuo para o meio ambiente, comunidades e empresas. Ouvidoria\u200b Precisa denunciar alguma atitude que n\u00e3o esteja de acordo com os valores e C\u00f3digo de \u00c9tica da Systemica? Entre em contato conosco por meio do endere\u00e7o de e-mail compliance@systemica.digital. Todas as manifesta\u00e7\u00f5es ser\u00e3o tratadas [&hellip;]\" \/>\n<meta property=\"og:url\" content=\"https:\/\/systemica.digital\/en\/ouvidoria\/\" \/>\n<meta property=\"og:site_name\" content=\"Systemica\" \/>\n<meta property=\"article:modified_time\" content=\"2025-03-10T21:02:56+00:00\" \/>\n<meta name=\"twitter:card\" content=\"summary_large_image\" \/>\n<meta name=\"twitter:label1\" content=\"Est. reading time\" \/>\n\t<meta name=\"twitter:data1\" content=\"1 minute\" \/>\n<script type=\"application\/ld+json\" class=\"yoast-schema-graph\">{\"@context\":\"https:\\\/\\\/schema.org\",\"@graph\":[{\"@type\":\"WebPage\",\"@id\":\"https:\\\/\\\/systemica.digital\\\/ouvidoria\\\/\",\"url\":\"https:\\\/\\\/systemica.digital\\\/ouvidoria\\\/\",\"name\":\"Ouvidoria - Systemica\",\"isPartOf\":{\"@id\":\"https:\\\/\\\/systemica.digital\\\/#website\"},\"datePublished\":\"2024-06-26T15:44:15+00:00\",\"dateModified\":\"2025-03-10T21:02:56+00:00\",\"breadcrumb\":{\"@id\":\"https:\\\/\\\/systemica.digital\\\/ouvidoria\\\/#breadcrumb\"},\"inLanguage\":\"en-US\",\"potentialAction\":[{\"@type\":\"ReadAction\",\"target\":[\"https:\\\/\\\/systemica.digital\\\/ouvidoria\\\/\"]}]},{\"@type\":\"BreadcrumbList\",\"@id\":\"https:\\\/\\\/systemica.digital\\\/ouvidoria\\\/#breadcrumb\",\"itemListElement\":[{\"@type\":\"ListItem\",\"position\":1,\"name\":\"In\u00edcio\",\"item\":\"https:\\\/\\\/systemica.digital\\\/\"},{\"@type\":\"ListItem\",\"position\":2,\"name\":\"Ouvidoria\"}]},{\"@type\":\"WebSite\",\"@id\":\"https:\\\/\\\/systemica.digital\\\/#website\",\"url\":\"https:\\\/\\\/systemica.digital\\\/\",\"name\":\"Systemica\",\"description\":\"\",\"publisher\":{\"@id\":\"https:\\\/\\\/systemica.digital\\\/#organization\"},\"potentialAction\":[{\"@type\":\"SearchAction\",\"target\":{\"@type\":\"EntryPoint\",\"urlTemplate\":\"https:\\\/\\\/systemica.digital\\\/?s={search_term_string}\"},\"query-input\":{\"@type\":\"PropertyValueSpecification\",\"valueRequired\":true,\"valueName\":\"search_term_string\"}}],\"inLanguage\":\"en-US\"},{\"@type\":\"Organization\",\"@id\":\"https:\\\/\\\/systemica.digital\\\/#organization\",\"name\":\"Systemica\",\"url\":\"https:\\\/\\\/systemica.digital\\\/\",\"logo\":{\"@type\":\"ImageObject\",\"inLanguage\":\"en-US\",\"@id\":\"https:\\\/\\\/systemica.digital\\\/#\\\/schema\\\/logo\\\/image\\\/\",\"url\":\"https:\\\/\\\/systemica.digital\\\/wp-content\\\/uploads\\\/2024\\\/06\\\/logo-systemica.png\",\"contentUrl\":\"https:\\\/\\\/systemica.digital\\\/wp-content\\\/uploads\\\/2024\\\/06\\\/logo-systemica.png\",\"width\":211,\"height\":29,\"caption\":\"Systemica\"},\"image\":{\"@id\":\"https:\\\/\\\/systemica.digital\\\/#\\\/schema\\\/logo\\\/image\\\/\"}}]}<\/script>\n<!-- \/ Yoast SEO plugin. -->","yoast_head_json":{"title":"Ombudsman - Systemica","robots":{"index":"index","follow":"follow","max-snippet":"max-snippet:-1","max-image-preview":"max-image-preview:large","max-video-preview":"max-video-preview:-1"},"canonical":"https:\/\/systemica.digital\/en\/ouvidoria\/","og_locale":"en_US","og_type":"article","og_title":"Ouvidoria - Systemica","og_description":"Unindo pessoas, neg\u00f3cios, ci\u00eancia e natureza Uma simbiose com foco no benef\u00edcio m\u00fatuo para o meio ambiente, comunidades e empresas. Ouvidoria\u200b Precisa denunciar alguma atitude que n\u00e3o esteja de acordo com os valores e C\u00f3digo de \u00c9tica da Systemica? Entre em contato conosco por meio do endere\u00e7o de e-mail compliance@systemica.digital. Todas as manifesta\u00e7\u00f5es ser\u00e3o tratadas [&hellip;]","og_url":"https:\/\/systemica.digital\/en\/ouvidoria\/","og_site_name":"Systemica","article_modified_time":"2025-03-10T21:02:56+00:00","twitter_card":"summary_large_image","twitter_misc":{"Est. reading time":"1 minute"},"schema":{"@context":"https:\/\/schema.org","@graph":[{"@type":"WebPage","@id":"https:\/\/systemica.digital\/ouvidoria\/","url":"https:\/\/systemica.digital\/ouvidoria\/","name":"Ombudsman - Systemica","isPartOf":{"@id":"https:\/\/systemica.digital\/#website"},"datePublished":"2024-06-26T15:44:15+00:00","dateModified":"2025-03-10T21:02:56+00:00","breadcrumb":{"@id":"https:\/\/systemica.digital\/ouvidoria\/#breadcrumb"},"inLanguage":"en-US","potentialAction":[{"@type":"ReadAction","target":["https:\/\/systemica.digital\/ouvidoria\/"]}]},{"@type":"BreadcrumbList","@id":"https:\/\/systemica.digital\/ouvidoria\/#breadcrumb","itemListElement":[{"@type":"ListItem","position":1,"name":"In\u00edcio","item":"https:\/\/systemica.digital\/"},{"@type":"ListItem","position":2,"name":"Ouvidoria"}]},{"@type":"WebSite","@id":"https:\/\/systemica.digital\/#website","url":"https:\/\/systemica.digital\/","name":"Systemica","description":"","publisher":{"@id":"https:\/\/systemica.digital\/#organization"},"potentialAction":[{"@type":"SearchAction","target":{"@type":"EntryPoint","urlTemplate":"https:\/\/systemica.digital\/?s={search_term_string}"},"query-input":{"@type":"PropertyValueSpecification","valueRequired":true,"valueName":"search_term_string"}}],"inLanguage":"en-US"},{"@type":"Organization","@id":"https:\/\/systemica.digital\/#organization","name":"Systemica","url":"https:\/\/systemica.digital\/","logo":{"@type":"ImageObject","inLanguage":"en-US","@id":"https:\/\/systemica.digital\/#\/schema\/logo\/image\/","url":"https:\/\/systemica.digital\/wp-content\/uploads\/2024\/06\/logo-systemica.png","contentUrl":"https:\/\/systemica.digital\/wp-content\/uploads\/2024\/06\/logo-systemica.png","width":211,"height":29,"caption":"Systemica"},"image":{"@id":"https:\/\/systemica.digital\/#\/schema\/logo\/image\/"}}]}},"_links":{"self":[{"href":"https:\/\/systemica.digital\/en\/wp-json\/wp\/v2\/pages\/465","targetHints":{"allow":["GET"]}}],"collection":[{"href":"https:\/\/systemica.digital\/en\/wp-json\/wp\/v2\/pages"}],"about":[{"href":"https:\/\/systemica.digital\/en\/wp-json\/wp\/v2\/types\/page"}],"author":[{"embeddable":true,"href":"https:\/\/systemica.digital\/en\/wp-json\/wp\/v2\/users\/1"}],"replies":[{"embeddable":true,"href":"https:\/\/systemica.digital\/en\/wp-json\/wp\/v2\/comments?post=465"}],"version-history":[{"count":6,"href":"https:\/\/systemica.digital\/en\/wp-json\/wp\/v2\/pages\/465\/revisions"}],"predecessor-version":[{"id":11120,"href":"https:\/\/systemica.digital\/en\/wp-json\/wp\/v2\/pages\/465\/revisions\/11120"}],"wp:attachment":[{"href":"https:\/\/systemica.digital\/en\/wp-json\/wp\/v2\/media?parent=465"}],"curies":[{"name":"wp","href":"https:\/\/api.w.org\/{rel}","templated":true}]}}