{"id":26,"date":"2024-06-24T15:32:25","date_gmt":"2024-06-24T18:32:25","guid":{"rendered":"https:\/\/systemica.digital\/?page_id=26"},"modified":"2024-08-02T14:34:07","modified_gmt":"2024-08-02T17:34:07","slug":"contato","status":"publish","type":"page","link":"https:\/\/systemica.digital\/en\/contato\/","title":{"rendered":"Contact"},"content":{"rendered":"<div data-elementor-type=\"wp-page\" data-elementor-id=\"26\" class=\"elementor elementor-26\" data-elementor-post-type=\"page\">\n\t\t\t\t<section class=\"elementor-element elementor-element-58600ca e-con-full e-flex e-con e-parent\" data-id=\"58600ca\" data-element_type=\"container\" data-e-type=\"container\" data-settings=\"{&quot;background_background&quot;:&quot;classic&quot;}\">\n\t\t<div class=\"elementor-element elementor-element-ee29c83 e-con-full clipped-element-banner e-flex e-con e-child\" data-id=\"ee29c83\" data-element_type=\"container\" data-e-type=\"container\">\n\t\t<div class=\"elementor-element elementor-element-47d2ebe e-flex e-con-boxed e-con e-child\" data-id=\"47d2ebe\" data-element_type=\"container\" data-e-type=\"container\">\n\t\t\t\t\t<div class=\"e-con-inner\">\n\t\t<div class=\"elementor-element elementor-element-6ca5ff8 e-con-full e-flex e-con e-child\" data-id=\"6ca5ff8\" data-element_type=\"container\" data-e-type=\"container\">\n\t\t\t\t<div class=\"elementor-element elementor-element-7c0030a elementor-widget__width-initial elementor-invisible elementor-widget elementor-widget-heading\" data-id=\"7c0030a\" data-element_type=\"widget\" data-e-type=\"widget\" data-settings=\"{&quot;_animation&quot;:&quot;fadeInUp&quot;}\" data-widget_type=\"heading.default\">\n\t\t\t\t<div class=\"elementor-widget-container\">\n\t\t\t\t\t<h1 class=\"elementor-heading-title elementor-size-default\">Uniting people, business, science and nature<\/h1>\t\t\t\t<\/div>\n\t\t\t\t<\/div>\n\t\t\t\t<\/div>\n\t\t<div class=\"elementor-element elementor-element-775962c e-con-full e-flex e-con e-child\" data-id=\"775962c\" data-element_type=\"container\" data-e-type=\"container\">\n\t\t\t\t<div class=\"elementor-element elementor-element-a2025b5 elementor-invisible elementor-widget elementor-widget-heading\" data-id=\"a2025b5\" data-element_type=\"widget\" data-e-type=\"widget\" data-settings=\"{&quot;_animation&quot;:&quot;fadeInUp&quot;}\" data-widget_type=\"heading.default\">\n\t\t\t\t<div class=\"elementor-widget-container\">\n\t\t\t\t\t<p class=\"elementor-heading-title elementor-size-default\">A symbiosis focused on mutual benefit for the environment, communities and companies.<\/p>\t\t\t\t<\/div>\n\t\t\t\t<\/div>\n\t\t\t\t<\/div>\n\t\t\t\t\t<\/div>\n\t\t\t\t<\/div>\n\t\t\t\t<\/div>\n\t\t<div class=\"elementor-element elementor-element-72c0b74 e-con-full e-flex e-con e-child\" data-id=\"72c0b74\" data-element_type=\"container\" data-e-type=\"container\">\n\t\t\t\t<\/div>\n\t\t\t\t<\/section>\n\t\t<div class=\"elementor-element elementor-element-f0b7224 e-flex e-con-boxed e-con e-parent\" data-id=\"f0b7224\" data-element_type=\"container\" data-e-type=\"container\">\n\t\t\t\t\t<div class=\"e-con-inner\">\n\t\t\t\t<div class=\"elementor-element elementor-element-d2d1177 elementor-widget elementor-widget-heading\" data-id=\"d2d1177\" data-element_type=\"widget\" data-e-type=\"widget\" data-widget_type=\"heading.default\">\n\t\t\t\t<div class=\"elementor-widget-container\">\n\t\t\t\t\t<h1 class=\"elementor-heading-title elementor-size-default\">Contact us<\/h1>\t\t\t\t<\/div>\n\t\t\t\t<\/div>\n\t\t\t\t<div class=\"elementor-element elementor-element-9007baf elementor-widget elementor-widget-html\" data-id=\"9007baf\" data-element_type=\"widget\" data-e-type=\"widget\" data-widget_type=\"html.default\">\n\t\t\t\t<div class=\"elementor-widget-container\">\n\t\t\t\t\t<div role=\"main\" id=\"contato-site-71d3be654bfd82330260\"><\/div><script type=\"text\/javascript\" src=\"https:\/\/d335luupugsy2.cloudfront.net\/js\/rdstation-forms\/stable\/rdstation-forms.min.js\"><\/script><script type=\"text\/javascript\"> new RDStationForms('contato-site-71d3be654bfd82330260', 'null').createForm();<\/script>\t\t\t\t<\/div>\n\t\t\t\t<\/div>\n\t\t\t\t\t<\/div>\n\t\t\t\t<\/div>\n\t\t\t\t<\/div>","protected":false},"excerpt":{"rendered":"<p>Uniting people, business, science and nature A symbiosis focused on mutual benefit for the environment, communities and companies. Contact us<\/p>","protected":false},"author":1,"featured_media":0,"parent":0,"menu_order":0,"comment_status":"closed","ping_status":"closed","template":"elementor_header_footer","meta":{"_acf_changed":false,"footnotes":""},"class_list":["post-26","page","type-page","status-publish","hentry"],"acf":[],"yoast_head":"<!-- This site is optimized with the Yoast SEO plugin v27.3 - https:\/\/yoast.com\/product\/yoast-seo-wordpress\/ -->\n<title>Contato - Systemica<\/title>\n<meta name=\"robots\" content=\"index, follow, max-snippet:-1, max-image-preview:large, max-video-preview:-1\" \/>\n<link rel=\"canonical\" href=\"https:\/\/systemica.digital\/en\/contato\/\" \/>\n<meta property=\"og:locale\" content=\"en_US\" \/>\n<meta property=\"og:type\" content=\"article\" \/>\n<meta property=\"og:title\" content=\"Contato - Systemica\" \/>\n<meta property=\"og:description\" content=\"Unindo pessoas, neg\u00f3cios, ci\u00eancia e natureza Uma simbiose com foco no benef\u00edcio m\u00fatuo para o meio ambiente, comunidades e empresas. Fale Conosco\" \/>\n<meta property=\"og:url\" content=\"https:\/\/systemica.digital\/en\/contato\/\" \/>\n<meta property=\"og:site_name\" content=\"Systemica\" \/>\n<meta property=\"article:modified_time\" content=\"2024-08-02T17:34:07+00:00\" \/>\n<meta name=\"twitter:card\" content=\"summary_large_image\" \/>\n<meta name=\"twitter:label1\" content=\"Est. reading time\" \/>\n\t<meta name=\"twitter:data1\" content=\"1 minute\" \/>\n<script type=\"application\/ld+json\" class=\"yoast-schema-graph\">{\"@context\":\"https:\\\/\\\/schema.org\",\"@graph\":[{\"@type\":\"WebPage\",\"@id\":\"https:\\\/\\\/systemica.digital\\\/contato\\\/\",\"url\":\"https:\\\/\\\/systemica.digital\\\/contato\\\/\",\"name\":\"Contato - Systemica\",\"isPartOf\":{\"@id\":\"https:\\\/\\\/systemica.digital\\\/#website\"},\"datePublished\":\"2024-06-24T18:32:25+00:00\",\"dateModified\":\"2024-08-02T17:34:07+00:00\",\"breadcrumb\":{\"@id\":\"https:\\\/\\\/systemica.digital\\\/contato\\\/#breadcrumb\"},\"inLanguage\":\"en-US\",\"potentialAction\":[{\"@type\":\"ReadAction\",\"target\":[\"https:\\\/\\\/systemica.digital\\\/contato\\\/\"]}]},{\"@type\":\"BreadcrumbList\",\"@id\":\"https:\\\/\\\/systemica.digital\\\/contato\\\/#breadcrumb\",\"itemListElement\":[{\"@type\":\"ListItem\",\"position\":1,\"name\":\"In\u00edcio\",\"item\":\"https:\\\/\\\/systemica.digital\\\/\"},{\"@type\":\"ListItem\",\"position\":2,\"name\":\"Contato\"}]},{\"@type\":\"WebSite\",\"@id\":\"https:\\\/\\\/systemica.digital\\\/#website\",\"url\":\"https:\\\/\\\/systemica.digital\\\/\",\"name\":\"Systemica\",\"description\":\"\",\"publisher\":{\"@id\":\"https:\\\/\\\/systemica.digital\\\/#organization\"},\"potentialAction\":[{\"@type\":\"SearchAction\",\"target\":{\"@type\":\"EntryPoint\",\"urlTemplate\":\"https:\\\/\\\/systemica.digital\\\/?s={search_term_string}\"},\"query-input\":{\"@type\":\"PropertyValueSpecification\",\"valueRequired\":true,\"valueName\":\"search_term_string\"}}],\"inLanguage\":\"en-US\"},{\"@type\":\"Organization\",\"@id\":\"https:\\\/\\\/systemica.digital\\\/#organization\",\"name\":\"Systemica\",\"url\":\"https:\\\/\\\/systemica.digital\\\/\",\"logo\":{\"@type\":\"ImageObject\",\"inLanguage\":\"en-US\",\"@id\":\"https:\\\/\\\/systemica.digital\\\/#\\\/schema\\\/logo\\\/image\\\/\",\"url\":\"https:\\\/\\\/systemica.digital\\\/wp-content\\\/uploads\\\/2024\\\/06\\\/logo-systemica.png\",\"contentUrl\":\"https:\\\/\\\/systemica.digital\\\/wp-content\\\/uploads\\\/2024\\\/06\\\/logo-systemica.png\",\"width\":211,\"height\":29,\"caption\":\"Systemica\"},\"image\":{\"@id\":\"https:\\\/\\\/systemica.digital\\\/#\\\/schema\\\/logo\\\/image\\\/\"}}]}<\/script>\n<!-- \/ Yoast SEO plugin. -->","yoast_head_json":{"title":"Contact - Systemica","robots":{"index":"index","follow":"follow","max-snippet":"max-snippet:-1","max-image-preview":"max-image-preview:large","max-video-preview":"max-video-preview:-1"},"canonical":"https:\/\/systemica.digital\/en\/contato\/","og_locale":"en_US","og_type":"article","og_title":"Contato - Systemica","og_description":"Unindo pessoas, neg\u00f3cios, ci\u00eancia e natureza Uma simbiose com foco no benef\u00edcio m\u00fatuo para o meio ambiente, comunidades e empresas. Fale Conosco","og_url":"https:\/\/systemica.digital\/en\/contato\/","og_site_name":"Systemica","article_modified_time":"2024-08-02T17:34:07+00:00","twitter_card":"summary_large_image","twitter_misc":{"Est. reading time":"1 minute"},"schema":{"@context":"https:\/\/schema.org","@graph":[{"@type":"WebPage","@id":"https:\/\/systemica.digital\/contato\/","url":"https:\/\/systemica.digital\/contato\/","name":"Contact - Systemica","isPartOf":{"@id":"https:\/\/systemica.digital\/#website"},"datePublished":"2024-06-24T18:32:25+00:00","dateModified":"2024-08-02T17:34:07+00:00","breadcrumb":{"@id":"https:\/\/systemica.digital\/contato\/#breadcrumb"},"inLanguage":"en-US","potentialAction":[{"@type":"ReadAction","target":["https:\/\/systemica.digital\/contato\/"]}]},{"@type":"BreadcrumbList","@id":"https:\/\/systemica.digital\/contato\/#breadcrumb","itemListElement":[{"@type":"ListItem","position":1,"name":"In\u00edcio","item":"https:\/\/systemica.digital\/"},{"@type":"ListItem","position":2,"name":"Contato"}]},{"@type":"WebSite","@id":"https:\/\/systemica.digital\/#website","url":"https:\/\/systemica.digital\/","name":"Systemica","description":"","publisher":{"@id":"https:\/\/systemica.digital\/#organization"},"potentialAction":[{"@type":"SearchAction","target":{"@type":"EntryPoint","urlTemplate":"https:\/\/systemica.digital\/?s={search_term_string}"},"query-input":{"@type":"PropertyValueSpecification","valueRequired":true,"valueName":"search_term_string"}}],"inLanguage":"en-US"},{"@type":"Organization","@id":"https:\/\/systemica.digital\/#organization","name":"Systemica","url":"https:\/\/systemica.digital\/","logo":{"@type":"ImageObject","inLanguage":"en-US","@id":"https:\/\/systemica.digital\/#\/schema\/logo\/image\/","url":"https:\/\/systemica.digital\/wp-content\/uploads\/2024\/06\/logo-systemica.png","contentUrl":"https:\/\/systemica.digital\/wp-content\/uploads\/2024\/06\/logo-systemica.png","width":211,"height":29,"caption":"Systemica"},"image":{"@id":"https:\/\/systemica.digital\/#\/schema\/logo\/image\/"}}]}},"_links":{"self":[{"href":"https:\/\/systemica.digital\/en\/wp-json\/wp\/v2\/pages\/26","targetHints":{"allow":["GET"]}}],"collection":[{"href":"https:\/\/systemica.digital\/en\/wp-json\/wp\/v2\/pages"}],"about":[{"href":"https:\/\/systemica.digital\/en\/wp-json\/wp\/v2\/types\/page"}],"author":[{"embeddable":true,"href":"https:\/\/systemica.digital\/en\/wp-json\/wp\/v2\/users\/1"}],"replies":[{"embeddable":true,"href":"https:\/\/systemica.digital\/en\/wp-json\/wp\/v2\/comments?post=26"}],"version-history":[{"count":0,"href":"https:\/\/systemica.digital\/en\/wp-json\/wp\/v2\/pages\/26\/revisions"}],"wp:attachment":[{"href":"https:\/\/systemica.digital\/en\/wp-json\/wp\/v2\/media?parent=26"}],"curies":[{"name":"wp","href":"https:\/\/api.w.org\/{rel}","templated":true}]}}